{"id":2881,"date":"2018-08-16T07:27:40","date_gmt":"2018-08-16T07:27:40","guid":{"rendered":"https:\/\/lafiore.com\/?page_id=2881"},"modified":"2019-02-11T23:16:13","modified_gmt":"2019-02-11T21:16:13","slug":"bestimmungen-und-bedingungen","status":"publish","type":"page","link":"https:\/\/lafiore.com\/de\/bestimmungen-und-bedingungen\/","title":{"rendered":"Bestimmungen und Bedingungen"},"content":{"rendered":"<p>F.A.Q. (virtuelle Boutique, Bestimmungen und Bedingungen)<\/p>\n<p>Garantie Lafiore<\/p>\n<p>Jedes St\u00fcck ist in Handarbeit hergestellt, deswegen sind diese St\u00fccke eigen und einzigartig.<\/p>\n<p>Ihre Eink\u00e4ufe:<\/p>\n<p>Die Beschreibungen der Artikeln halten sich an dem Moment der Aktualisierung der virtuellen Boutique. Da die St\u00fccke einzig und handwerklich sind k\u00f6nnen ihre Gr\u00f6\u00dfen, Farben und Formen leicht variieren.<\/p>\n<p>Bestellungauskunft<\/p>\n<p>Um ihre Ank\u00e4ufe beantragen k\u00f6nnen Sie einfach Produkten beif\u00fcgen bis Sie ihren Einkauf vollenden. Wenn ihre Auswahl abgeschlossen ist, inklusive Transportzone, klicken Sie in \u201ceinkaufen\u201d,dann werden andere Details f\u00fcr die Beendung Ihrer Bestellung gefragt.<\/p>\n<p>Wenn Sie neuer Kunde sind sichern Sie sich ab, dass alle Felder mit dem Sternchen*ausgef\u00fcllt worden sind und, dass Kodex und Name, denjenigen vom e-Mail entsprechen. Das n\u00e4chste Mal wird es Ihnen gelten nur Ihre e-Mail Adresse und Kodex um Ihre Eink\u00e4ufe abzuschlie\u00dfen, in diesem Fall wird es Ihnen keine Angaben \u00fcber Ihrer Kreditkarte gefragt.<\/p>\n<p>Einmal die Bestellung an der WebtSeite beendet ist, wird diese zu einem sicheren Bediener hingef\u00fchrt.<\/p>\n<p>Wie werden meine Eink\u00e4ufe durch die virtuelle Boutique Lafiore.com bezahlt?<\/p>\n<p>Einmal die Bestellung durchgef\u00fchrt, w\u00e4hlen Sie Ihre Zahlungzart: Kreditkarte, per Scheck, Bank\u00fcberweisung oder PayPal. Vergessen Sie nicht sonstige SchickAdressen einzutragen und Ihr Register als Kunde zu erf\u00fcllen.<\/p>\n<p>Die Bezahlung kann man aus Folgenden Weisen durchf\u00fchren:<\/p>\n<p>Mastercard, Visa Debit, Maestro und Solo Cards<\/p>\n<p>Bank\u00fcberweisung oder Bankeinzahlung<\/p>\n<p>Bankscheck<\/p>\n<p>Lieferungfriste:<\/p>\n<p>Bei Stockartikeln h\u00e4ngt die Zeit nur vom Empfangsland oder Transportart (normal oder express Postversand) ab.<\/p>\n<p>Nach der Benachrichtigung werden Sie die Ware in einem Frist von maximal 21 Tage bekommen, au\u00dfer im Fall von Zollinspektionen.<\/p>\n<p>Dieser Lieferungfrist ist orientativ, dennoch nehmen wir uns all die M\u00fche damit das ganze rechtzeitig l\u00e4uft.<\/p>\n<p>Wenn irgendein Problem mit dem Versandtotal eintretten w\u00fcrde, w\u00fcrden wir Ihnen sofort mitteilen damit eine m\u00f6gliche Versp\u00e4tung oder ein Versandsteil von Ihnen akzeptiert werden kann, allemal vor Ihrer Bezahlung.<\/p>\n<p>Transportkosten:<\/p>\n<p>Die Kosten h\u00e4ngen von derTransportweise, Empfangsort, Gr\u00f6\u00dfe und Gewicht des Gegenstandes ab. F\u00fcr Fragen um dieses Thema k\u00f6nnen Sie bei unserer Handelabteilung sich erkundigen.<\/p>\n<p>Was ist die virtuelle Boutique Lafiore.com?<\/p>\n<p>Die virtuelle Boutique ist eine Plattform f\u00fcr das Internetverkauf, so k\u00f6nnen Sie Ihre Eink\u00e4ufe ganz bequem machen.<\/p>\n<p>Was f\u00fcr Artikels kann man bei der virtuellen Boutique Lafiore.com erwerben?<\/p>\n<p>Wir bieten Ihnen eine gro\u00dfe Palette unseres Kataloges an, wo Sie klassische St\u00fccke wie auch innovative St\u00fccke entdecken k\u00f6nnen. Sie finden sicher Ihre Geschenke oder Hausbed\u00fcrfnisse. Alle dieser Produkten sind aus erster Qualit\u00e4t.<\/p>\n<p>Gelegentlich, k\u00f6nnen Sie die Andeutung \u201ceventuell nicht verf\u00fcgbar\u201d treffen. Dann empfehlen wir Ihnen in ein Paar Tagen nochmals nachzuschlagen oder sonnst bei unserer Kundenabteilung sich erkundigen, da werden wir Sie sehr gern dar\u00fcber informieren.<\/p>\n<p>Wie kauft man an der virtuellen Boutique Lafiore.com?<\/p>\n<p>Das Einkaufen in unserer Boutique ist ganz einfach: Sie sollen nur den Artikel ausw\u00e4hlen, im Einkaufskorb hineinstecken, auf die Ikone \u201cEinkaufswagen\u201d klicken und die Bestellung unter der ausgew\u00e4hlten Zahlungzart durchf\u00fchren.<\/p>\n<p>Wenn Sie es bequemer haben m\u00f6chten, k\u00f6nnen Sie auch Ihre Eink\u00e4ufe, unter die Nummer: (+34) 971 611 800, telefonisch\u00a0 f\u00fchren.<\/p>\n<p>Lafiore unternimmt das Verkauf und die Verteilung der angebotenen Produkten. Diese Operationen werden unter der Adresse, S\u2019Esgleieta, carretera de Valldemosa, Km. 11,(Mallorca, Spanien) gef\u00fchrt.<\/p>\n<p>Was f\u00fcr eine Sicherheit habe ich im Zusammenhang meiner pers\u00f6nlichen Angaben bei Internet?<\/p>\n<p>Lafiore garantiert Ihnen Sicherheit und Vertraulichkeit aller Ihrer pers\u00f6nlichen Angaben. Diese werden in unserer Datei behalten um weitere Angebote Ihnen anzubieten und um zuk\u00fcnftige Bestellungen zu erleichtern.<\/p>\n<p>Einverstanden mit dem organischen Gesetz 15\/1999 vom dreizehnten Dezember, f\u00fcr den Schutz der pers\u00f6nlichen Angaben, wird es Ihnen Als Kunde vom Lafiore immer gestattet Ihre Zugang und Absagerechte auszu\u00fcben Daf\u00fcr k\u00f6nnen Sie schriftlich an Lafiore, S\u2019Esgleieta, carretera de Valldemosa,Km. 11, S\u2019Esgleieta (Mallorca-Espa\u00f1a) oder an unsere elektronische Adresse: eshop@lafiore.com sich richten.<\/p>\n<p>Wie wei\u00df man, dass die Bestellung richtig durchgef\u00fchrt worden ist?<\/p>\n<p>Au\u00dfer der Web-Best\u00e4tigung werden Sie auch ein e-Mail bekommen, mit Ihrer Bestellungsummer, welche Sie f\u00fcr die Identifizierung oder m\u00f6gliche Fragen benutzen k\u00f6nnen.<\/p>\n<p>Wie empf\u00e4ngt man die durchgef\u00fchrte Eink\u00e4ufe?<\/p>\n<p>Die virtuelle Boutique wird Ihnen Ihre Waren an die angegebene Adresse liefern. Die Lieferungsfriste sind von 21 Tage ungef\u00e4hr.<\/p>\n<p>Was f\u00fcr Garantien habe ich bei der Ankauf an der virtuellen Boutique Lafiore.com?<\/p>\n<p>Lafiore b\u00fcrgt f\u00fcr die angebotene Artikels. Wir bieten maximale Qualit\u00e4t und Garantie an, das ist unser hohe Kompromiss. Wenn Sie mit Ihrer Bestellung nicht zufrieden sind, verf\u00fcgen Sie, f\u00fcr ihre R\u00fccksendung, \u00fcber 7 Tagen nach Empfangsdatum. Diese Kosten und Empfang werden vom Kunde \u00fcbernommen. Wenn die Ware, in ihrer Originalverpackung und im perfekten Zustand wiederempfangen ist, werden die Kosten nach der ausgew\u00e4hlten Zahlungsart r\u00fcckerstattet.<\/p>\n<p>Auf jedem Fall wird die R\u00fcckerstattung der fehlerhaften oder geschadeten Produkten akzeptiert. Die virtuelle Boutique nimmt diese Kosten auf, immer wenn es innerhalb 7 Tagen nach Empfang mitgeteilt wird. F\u00fcr diesen Zweck senden Sie uns ein e-Mail, und Lafiore wird Ihnen im minimalen Zeitfrist das entsprechende Vorgehen erkl\u00e4ren.<\/p>\n<p>Kann ich auch durch die virtuelle Boutique meine Geschenke schicken?<\/p>\n<p>Lafiore.com gibt Ihnen auch die M\u00f6glichkeit Ihre Eink\u00e4ufe zu verschiedenen Adressen zu schicken. Der einzigen Anforderung ist, dass Sie diese Eink\u00e4ufe im Voraus mit Kreditkarte bezahlen.<\/p>\n<p>Sie k\u00f6nnen auch die \u201cVerpackung\u00a0 zum Geschenk\u201d bestellen.<\/p>\n<p>Kann man auch vom Ausland die Eink\u00e4ufe bestellen?<\/p>\n<p>Man kann aus irgendeinem Land aus der Welt Ihre Eink\u00e4ufe bestellen.<\/p>\n<p>Einmal die Artikel ausgew\u00e4hlt sind w\u00e4hlen Sie bitte Ihre gew\u00fcnschte Sendungadresse, Ihre Zahlungsart und best\u00e4tigen Sie Ihre Bestellung.<\/p>\n<p>VERKAUFSBEDINGUNGEN<\/p>\n<p>1.Anwendungsbereich.<\/p>\n<p>Die hierstehenden Bedingungen werden f\u00fcr alle WebBestellungen angewendet. Unter der Adresse, www.Lafiore.com, Mareas de Cristal, S.L.<\/p>\n<p>Das Web-Anwenderregister ist notwendig. Sie sollen, am on-line Laden sich anmelden. Die Sicherheit Ihrer pers\u00f6nlichen Angaben ist unsere allererste Priorit\u00e4t, deswegen wird die Sammlung dieser Angaben durch einen Sicherheitsanschluss durchgef\u00fchrt.<\/p>\n<p>Die F\u00fchrung einer Bestellung durch unseren on-line Laden bedeutet alle unsere Kaufbedingungen und unsere Privatit\u00e4tpolitik zu akzeptieren. Wenn Sie mit irgendeiner Norm nicht einverstanden sind verzichten Sie bitte auf Ihre Eink\u00e4ufe.<\/p>\n<ol start=\"2\">\n<li>An und Verkaufseiten<\/li>\n<\/ol>\n<ul>\n<li>Verk\u00e4ufer:<\/li>\n<\/ul>\n<p>Mareas de Cristal, S.L., S\u2019Esgleieta (Mallorca-Spanien), carretera de Valldemosa, Km. 11, S\u2019Esgleieta, NIF A-07124563.<\/p>\n<ul>\n<li>Ank\u00e4ufer:<\/li>\n<\/ul>\n<p>Der Kunde soll ihre Angaben in das Ankaufsformular eintragen, das bedeutet die volle Zustimmung der allgemeinen Bedingungen des Einkaufes.<\/p>\n<p>3.Durchf\u00fchrung der Ankauf<\/p>\n<p>Die Bestellungen durch on-line Laden sollen vom Verk\u00e4ufer akzeptiert werden. Diese Best\u00e4tigung wird per e-Mail benachrichtigt.<\/p>\n<p>4.Sprache<\/p>\n<p>Sie k\u00f6nnen Spanisch oder Englisch verwenden.<\/p>\n<p>5.Preise und Versandkosten<\/p>\n<p>Der Preis von unseren Produkten, und gelegentlich die Versandkosten (*) stehen bereits bei der Durchf\u00fchrung der Bestellung, bevor Sie es best\u00e4tigen, Bez\u00fcglich des ausgew\u00e4hltes Landes. Bei Land\u00e4nderungen, kann auch der Preis variieren .<\/p>\n<p>Die angegebene Preise beinhalten Transportkosten, Verpackung, Versicherung und die Zollkosten vom Herkunft und Ankunftland. Da werden keine Exportkosten inbegriffen, diese sollen bar vom Empf\u00e4nger bezahlt werden.<\/p>\n<p>Die Preise der Produkten k\u00f6nnen gelegentlich ohne Benachrichtigung erh\u00f6ht werden, zwar werden Sie nur den Preis der Bestellung bezahlen.<\/p>\n<p>Die Versandkosten sind orientativ, sie k\u00f6nnen gelegentlich nach Volumen oder Gewicht \u00e4ndern. Wenn Umst\u00e4nde eintretten wird das Ihnen per e-Mail sofort mitteilen.<\/p>\n<p>6.Zahlungsart<\/p>\n<p>Die Zahlung darf man auf folgenden Weisen durchf\u00fchren:<\/p>\n<p>Kreditkarten, Mastercard, Visa Debit, Maestro und Solo Cards. F\u00fcr die beste Sicherheit werden mit sicheren Anschluss direkt an die Bank hingef\u00fchrt, so, dass der Verk\u00e4ufer zu ihrer Angaben keinen Zutritt hat.<\/p>\n<p>Bank\u00fcberweisung oder an unserem Bankkonnto einzahlen.<\/p>\n<p>Beg\u00fcnstigter: Web plus (*Bestellungnummer)<\/p>\n<p>*Die Bestellungnummer erscheint am Ende des Ankaufsprozesses.<\/p>\n<p>Sie verf\u00fcgen \u00fcber einen Frist von 10 Tagen um die Bank\u00fcberweisung durchzuf\u00fchren<\/p>\n<p>Zahlung mit Bankscheck, auf den Namen Mareas de Cristal, S.L. ausf\u00fchren. Den Scheck mit Bestellungnummer an die folgende Adresse schicken: Carretera de Valldemosa, Km. 11- 07193-S\u2019Esgleieta-Mallorca (Spanien)<\/p>\n<p>&nbsp;<\/p>\n<p>Die Bestellungen werden in Euros bezahlt.<\/p>\n<p>In dem Moment wo die Bestellung versandbereit ist, wird es Ihnen auf Ihren Konnto den Betrag plus die Versandkosten \u00fcberwiesen.<\/p>\n<p>7.Keine Verf\u00fcgbarkeit der Produkte.<\/p>\n<p>Im Fall, dass die Bestellte Artikel nicht verf\u00fcgbar w\u00e4ren, w\u00fcrde Ihre Einzahlung sofort an Ihr Konnto oder Kreditkarte zur\u00fcckerstattet.<\/p>\n<p>8.Mitteilung des Versandes, Friste und Lieferungort.<\/p>\n<p>Der Ausgang des Versandes wird gleichzeitig dem Ank\u00e4ufer per e-Mail benachrichtigen. Der Artikel wird an die angegebene Besstellungadresse geliefert.<\/p>\n<p>Aufgrund der Versandmitteln und deren Bedingungen k\u00f6nnen wir nicht Postf\u00e4cher akzeptieren.<\/p>\n<p>In einem Frist von 21 Arbeitstagen, nach der Versandbenachrichtigung werden Sie Ihre Ware empfangen, abgesehen von Zollinspektionen.<\/p>\n<p>Dieser Lieferungfrist ist orientativ, dennoch nehmen wir uns all die M\u00fche damit das ganze rechtzeitig l\u00e4uft.<\/p>\n<p>F\u00fcr Kunde aus nicht europ\u00e4ischen L\u00e4nder:<\/p>\n<p>Mit dem Absicht Ihre Ware zu sch\u00fctzen, braucht unserer Spediteur den Unterschrift einer erwachsenen Person, \u00fcber 21 Jahre, um die Lieferung abgeben zu k\u00f6nnen.<\/p>\n<p>9.Garantie<\/p>\n<p>Die Qualit\u00e4t ist allererste Priorit\u00e4t von Lafiore, deswegen wird jede R\u00fcckerstattung von besch\u00e4digten oder Fehlerhaften Objekten akzeptiert. Der Ank\u00e4ufer hat 10 Arbeitstage mit unserer Kundenabteilung (eshop@lafiore.com) Kontakt aufzunehmen, dort werden sie Ihnen das Vorgehen mitteilen.<\/p>\n<p>10.Politik von R\u00fcckerstattungen und Meinungsverschiedenheiten<\/p>\n<p>In Ihrer Qualit\u00e4t von Ank\u00e4ufer haben Sie die M\u00f6glichkeit Ihrer Meinung zu \u00e4ndern und Ihren Ankauf zur\u00fcckzunehmen, daf\u00fcr brauchen Sie Ihre Uhrsachen nicht zu erkl\u00e4ren.<\/p>\n<p>Um eine Meinungsverschiedenheit, gen\u00fcgt Ihnen mit unserer Kundenabteilung Kontakt aufnehmen, und wir werden Ihnen dieses Vorgehen erkl\u00e4ren. Die R\u00fcckgabekosten werden vom Ank\u00e4ufer bezahlt. Das Produkt soll in gutem Zustand und in Ihrer Originalverpackung sein. Wenn das Produkt vom Verk\u00e4ufer empfangen ist, wird die R\u00fcckerstattung durch Ihre Kreditkarte, innerhalb 30 Tage als maximaler Frist, gef\u00fchrt.<\/p>\n<p>11.Geb\u00fchren<\/p>\n<p>Bez\u00fcglich Geb\u00fchren wird es die Gesetzgebung des Empfangslandes betrachtet.<\/p>\n<p>Geb\u00fchren und Rechte im Zoll der kanarischen Inseln:<\/p>\n<p>Die Bestellungen aus den kanarischen Inseln werden ohne IVA\/MWS berechnet.<\/p>\n<p>Im Einklang mit den heutigen Gesetzen, die Rechte, Geb\u00fchre und gelegentliche Taxen werden vom Ank\u00e4ufer aufgenommen, diese werden beim Empfang bar bezahlt.<\/p>\n<p>Wir verf\u00fcgen kein Kontrolle uber diesen Taxen und deswegen k\u00f6nnen wir nicht die Endekosten voraussagen, wir empfehlen Ihnen mit dem Zollamt Kontakt aufzunehmen.<\/p>\n<ol start=\"12\">\n<li>Schutz der pers\u00f6nlichen Angaben<\/li>\n<\/ol>\n<p>F\u00fcr die Sicherheit Ihrer pers\u00f6nlichen Angaben, bitte unter \u201clegale Benachrichtigungen\u201d an unserer Web nachsehen.<\/p>\n<ol start=\"13\">\n<li>Anwendbare Gesetze<\/li>\n<\/ol>\n<p>Der Ankaufsvertrag wird sich an der spanischen Gesetzen einhalten.<\/p>\n<p>&nbsp;<\/p>\n","protected":false},"excerpt":{"rendered":"<p>F.A.Q. (virtuelle Boutique, Bestimmungen und Bedingungen) Garantie Lafiore Jedes St\u00fcck ist in Handarbeit hergestellt, deswegen sind diese St\u00fccke eigen und einzigartig. Ihre Eink\u00e4ufe: Die Beschreibungen der Artikeln halten sich an dem Moment der Aktualisierung der virtuellen Boutique. Da die St\u00fccke einzig und handwerklich sind k\u00f6nnen ihre Gr\u00f6\u00dfen, Farben und Formen leicht variieren. Bestellungauskunft Um ihre <a href=\"https:\/\/lafiore.com\/de\/bestimmungen-und-bedingungen\/\" class=\"more-link\">&#8230;<span class=\"screen-reader-text\">  Bestimmungen und Bedingungen<\/span><\/a><\/p>\n","protected":false},"author":4825,"featured_media":0,"parent":0,"menu_order":3,"comment_status":"closed","ping_status":"closed","template":"","meta":{"_acf_changed":false,"footnotes":"","_links_to":"","_links_to_target":""},"class_list":["post-2881","page","type-page","status-publish","hentry"],"acf":[],"_links":{"self":[{"href":"https:\/\/lafiore.com\/de\/wp-json\/wp\/v2\/pages\/2881","targetHints":{"allow":["GET"]}}],"collection":[{"href":"https:\/\/lafiore.com\/de\/wp-json\/wp\/v2\/pages"}],"about":[{"href":"https:\/\/lafiore.com\/de\/wp-json\/wp\/v2\/types\/page"}],"author":[{"embeddable":true,"href":"https:\/\/lafiore.com\/de\/wp-json\/wp\/v2\/users\/4825"}],"replies":[{"embeddable":true,"href":"https:\/\/lafiore.com\/de\/wp-json\/wp\/v2\/comments?post=2881"}],"version-history":[{"count":0,"href":"https:\/\/lafiore.com\/de\/wp-json\/wp\/v2\/pages\/2881\/revisions"}],"wp:attachment":[{"href":"https:\/\/lafiore.com\/de\/wp-json\/wp\/v2\/media?parent=2881"}],"curies":[{"name":"wp","href":"https:\/\/api.w.org\/{rel}","templated":true}]}}