{"id":2897,"date":"2018-06-11T11:07:56","date_gmt":"2018-06-11T11:07:56","guid":{"rendered":"https:\/\/lafiore.com\/?page_id=2897"},"modified":"2023-01-15T20:50:30","modified_gmt":"2023-01-15T19:50:30","slug":"ueber-lafiore","status":"publish","type":"page","link":"https:\/\/lafiore.com\/de\/ueber-lafiore\/","title":{"rendered":"\u00dcber Lafiore"},"content":{"rendered":"\n\t\n\t\t<section id=\"bl-header-slider-block_5e4a60496995b9d613eb1b1bf123a899\" class=\"bl-header-slider alignfull slider-mod  dark-mod mt-animation\" data-mt-animation=\"fadeIn\">\n\n\t\t\t\t\t\t<div class=\"slider\" id=\"header-slider\">\n\t\t\t\n\t\t\t\t\t\t\t<div class=\"slide bg-image\" style=\"background-image:url( https:\/\/lafiore.com\/wp-content\/uploads\/2020\/03\/vasos_lafiore.jpeg )\"><\/div>\n\t\t\t\t\t\t\t<div class=\"slide bg-image\" style=\"background-image:url( https:\/\/lafiore.com\/wp-content\/uploads\/2019\/09\/Vidrio_Soplado_Mallorca_Mario_es_vidriers_lafiore.com_.jpeg )\"><\/div>\n\t\t\t\t\t\t<\/div>\n\t\t\t\t\t\t<div class=\"text\">\n\t\t\t\t<div class=\"main-wrapper\">\n\t\t\t\t\t<h1>\u00dcber Lafiore<\/h1>\n\t\t\t\t\t<h2>Glaskunst &#038; Design auf Mallorca<\/h2>\n\t\t\t\t<\/div>\n\t\t\t<\/div>\n\t\t<\/section>\t\n\t\t\n\n\n<section id=\"bl-text-image-block_cfe14354860655f1b11ef21fd8dc1369\" class=\"bl-text-image aligncenter\" data-mt-animation=\"fadeIn\">\t\n\t<div class=\"bl-inner\">\n\t\t<div class=\"text-container\">\n\t\t\t<div class=\"text\">\n\t\t\t\t<h2>Lafiore<\/h2>\n<p><strong>Lafiore<\/strong>\u00a0<strong>Creative &amp; Select Store<\/strong> ist eine eine anerkannte Prestigesfirma<br \/>\ndie dekorative St\u00fccke aus Kunstglas bearbeitet. Ihr angesehenes Prestige ist nicht nur in Spanien sondern weltweit bekannt.<\/p>\n<p>Ihre Kollektionen werden nach mehreren und verschiedenen internationalen M\u00e4rkten exportiert und in verschiedenen Messen der Branche gezeigt, wie seit mehr als einem Jahrzehnt in Madrid oder Frankfurt.<\/p>\n<p>Sie gew\u00e4hrleistet ihren Ruf auf ihren gutbeendeten Werken. <strong>Lafiore<\/strong> setzt ihren Qualit\u00e4tzeichen auf jedem ihrer gebackenen St\u00fccken.<\/p>\n\t\t\t<\/div>\n\t\t\t\t\t\t\n\t\t<\/div>\n\t\t\t\t<div class=\"image-container\">\n\t\t\t<img loading=\"lazy\" decoding=\"async\" width=\"768\" height=\"960\" src=\"https:\/\/lafiore.com\/wp-content\/uploads\/2018\/07\/Mallorca-Lifestyle-Store-vidrio-telas-muebles-Lafiore.com_.jpg\" class=\"attachment-large size-large\" alt=\"Lafiore Mallorca Concept Store\" title=\"\">\t\t<\/div>\n\t\t\t<\/div>\n<\/section>\t\n\n\n\n<section id=\"bl-text-bgimage-block_b635b70c4b42503d38e5db34e4a0850c\" class=\"bl-text-bgimage alignfull\" data-mt-animation=\"fadeIn\" style=\"background-image: url(https:\/\/lafiore.com\/wp-content\/uploads\/2018\/07\/Vidrio-Azules-y-Verdes-Mediterraneo-Mallorca-Lafiore.com_.jpg);\">\t\n\t<div class=\"bl-inner\">\n\t\t<div class=\"text-container\">\n\n\t\t\t<div class=\"text\">\n\t\t\t\t<h2>Made in Mallorca<\/h2>\n<p>Die geschaffene Werke von unseren Mallorkinischen K\u00fcnstlern sind aufgrund ihres hohes und dekoratives Wertes sehr gesch\u00e4tzt und eindeutig mit Lafiore identifiziert.<\/p>\n<p><strong>Lafiore<\/strong> synonim von Qualit\u00e4t und Kunst. Viele Leute fragen sich welcher ist der Erfolgschl\u00fcssel, die Antwort ist ganz einfach: Beherrschung der Kunst vom geblasenen Glas, eine k\u00fcnstlerische Bearbeitung mit Rohstoffe aus erster Qualit\u00e4t<\/p>\n<p>Ein aktuell und innovatives Design in aller ihrer Kreationen.<\/p>\n\t\t\t<\/div>\n\t\t\t\t\t\t\t\t\t<div class=\"btns-container\">\n\t\t\t\t<a class=\"link-more\" href=\"https:\/\/lafiore.com\/de\/kontakt\/\" target=\"_self\">Besuchen Sie uns<\/a>\n\t\t\t<\/div>\n\t\t\t\t\t<\/div>\n\t<\/div>\n<\/section>\t\n","protected":false},"excerpt":{"rendered":"","protected":false},"author":4825,"featured_media":4324,"parent":0,"menu_order":0,"comment_status":"closed","ping_status":"closed","template":"page-header-no-padding.php","meta":{"_acf_changed":false,"footnotes":"","_links_to":"","_links_to_target":""},"class_list":["post-2897","page","type-page","status-publish","has-post-thumbnail","hentry"],"acf":[],"_links":{"self":[{"href":"https:\/\/lafiore.com\/de\/wp-json\/wp\/v2\/pages\/2897","targetHints":{"allow":["GET"]}}],"collection":[{"href":"https:\/\/lafiore.com\/de\/wp-json\/wp\/v2\/pages"}],"about":[{"href":"https:\/\/lafiore.com\/de\/wp-json\/wp\/v2\/types\/page"}],"author":[{"embeddable":true,"href":"https:\/\/lafiore.com\/de\/wp-json\/wp\/v2\/users\/4825"}],"replies":[{"embeddable":true,"href":"https:\/\/lafiore.com\/de\/wp-json\/wp\/v2\/comments?post=2897"}],"version-history":[{"count":0,"href":"https:\/\/lafiore.com\/de\/wp-json\/wp\/v2\/pages\/2897\/revisions"}],"wp:featuredmedia":[{"embeddable":true,"href":"https:\/\/lafiore.com\/de\/wp-json\/wp\/v2\/media\/4324"}],"wp:attachment":[{"href":"https:\/\/lafiore.com\/de\/wp-json\/wp\/v2\/media?parent=2897"}],"curies":[{"name":"wp","href":"https:\/\/api.w.org\/{rel}","templated":true}]}}