{"id":10231,"date":"2020-08-11T20:37:47","date_gmt":"2020-08-11T18:37:47","guid":{"rendered":"https:\/\/lafiore.com\/?post_type=product&#038;p=10231"},"modified":"2021-08-18T19:09:00","modified_gmt":"2021-08-18T17:09:00","slug":"eis-kuebel-terrazzo-y","status":"publish","type":"product","link":"https:\/\/lafiore.com\/de\/producto\/eis-kuebel-terrazzo-y\/","title":{"rendered":"Eisk\u00fcbel Terrazzo Y"},"content":{"rendered":"<p>Eisk\u00fcbel aus mundgeblasenem Glas f\u00fcr Ihr Barzubeh\u00f6r.<\/p>\n<p>Es kann auch ein wertvolles Dekorationsobjekt sein, das sich auf jedem Material abhebt und einem Raum einen Hauch von Farbe verleiht und zus\u00e4tzlich die Funktionen einer idealen Schale erf\u00fcllt.<\/p>\n<p>Stellen Sie sich vor und machen Sie den Eisk\u00fcbel zum Beh\u00e4lter f\u00fcr Ihre Ideen.<\/p>\n<p>Ma\u00dfe (ca.): H\u00f6he 12 cm. Breite 15cm.<\/p>\n","protected":false},"excerpt":{"rendered":"<p>Eisk\u00fcbel aus mundgeblasenem Glas f\u00fcr Ihr Barzubeh\u00f6r.<\/p>\n<p>Es kann auch ein wertvolles Dekorationsobjekt sein, das sich auf jedem Material abhebt und einem Raum einen Hauch von Farbe verleiht und zus\u00e4tzlich die Funktionen einer idealen Schale erf\u00fcllt.<\/p>\n<p>Stellen Sie sich vor und machen Sie den Eisk\u00fcbel zum Beh\u00e4lter f\u00fcr Ihre Ideen.<\/p>\n<p>Ma\u00dfe (ca.): H\u00f6he 12 cm. Breite 15cm.<\/p>\n","protected":false},"featured_media":8020,"comment_status":"open","ping_status":"closed","template":"","meta":{"_acf_changed":false,"_links_to":"","_links_to_target":""},"collection":[1372],"product_brand":[],"product_cat":[1195],"product_tag":[],"class_list":{"0":"post-10231","1":"product","2":"type-product","3":"status-publish","4":"has-post-thumbnail","6":"collection-terrazzo-de","7":"product_cat-eis-eimer","8":"pa_cuida-tu-vidrio-glaspflege","9":"pa_piezas-unicas-einzigartig-stuck","11":"first","12":"instock","13":"taxable","14":"shipping-taxable","15":"purchasable","16":"product-type-simple"},"acf":[],"_links":{"self":[{"href":"https:\/\/lafiore.com\/de\/wp-json\/wp\/v2\/product\/10231","targetHints":{"allow":["GET"]}}],"collection":[{"href":"https:\/\/lafiore.com\/de\/wp-json\/wp\/v2\/product"}],"about":[{"href":"https:\/\/lafiore.com\/de\/wp-json\/wp\/v2\/types\/product"}],"replies":[{"embeddable":true,"href":"https:\/\/lafiore.com\/de\/wp-json\/wp\/v2\/comments?post=10231"}],"wp:featuredmedia":[{"embeddable":true,"href":"https:\/\/lafiore.com\/de\/wp-json\/wp\/v2\/media\/8020"}],"wp:attachment":[{"href":"https:\/\/lafiore.com\/de\/wp-json\/wp\/v2\/media?parent=10231"}],"wp:term":[{"taxonomy":"collection","embeddable":true,"href":"https:\/\/lafiore.com\/de\/wp-json\/wp\/v2\/collection?post=10231"},{"taxonomy":"product_brand","embeddable":true,"href":"https:\/\/lafiore.com\/de\/wp-json\/wp\/v2\/product_brand?post=10231"},{"taxonomy":"product_cat","embeddable":true,"href":"https:\/\/lafiore.com\/de\/wp-json\/wp\/v2\/product_cat?post=10231"},{"taxonomy":"product_tag","embeddable":true,"href":"https:\/\/lafiore.com\/de\/wp-json\/wp\/v2\/product_tag?post=10231"}],"curies":[{"name":"wp","href":"https:\/\/api.w.org\/{rel}","templated":true}]}}