{"id":10888,"date":"2021-12-08T18:19:32","date_gmt":"2021-12-08T17:19:32","guid":{"rendered":"https:\/\/lafiore.com\/?post_type=product&#038;p=10888"},"modified":"2021-12-12T18:11:14","modified_gmt":"2021-12-12T17:11:14","slug":"kerzenhalter-rojo","status":"publish","type":"product","link":"https:\/\/lafiore.com\/de\/producto\/kerzenhalter-rojo\/","title":{"rendered":"Kerzenhalter Rojo"},"content":{"rendered":"<p>Der Rojo Kerzenhalter ist aus Glas in Fusing-Technik (ofengeformtes Glas) gefertigt. Das Glas dieser St\u00fccke ist eine Mischung aus Farben, die eine Reihe sehr praktischer St\u00fccke bilden, die gleichzeitig den Tisch oder den Ort schm\u00fccken, dem Sie Lebensfreude schenken m\u00f6chten.<\/p>\n<p>Handgefertigt in Flachglasschmelz\u00f6fen, sorgf\u00e4ltige Auswahl von Farben und Formen, um einzigartige Produkte zu schaffen, die auch nach Ihren W\u00fcnschen variiert werden k\u00f6nnen.<\/p>\n<p>Kerze im Preis inbegriffen.<\/p>\n<p>M. 15 cm x 15 cm.<\/p>\n","protected":false},"excerpt":{"rendered":"<p>Der Verd Kerzenhalter ist aus Glas in Fusing-Technik (ofengeformtes Glas) gefertigt. Das Glas dieser St\u00fccke ist eine Mischung aus Farben, die eine Reihe sehr praktischer St\u00fccke bilden, die gleichzeitig den Tisch oder den Ort schm\u00fccken, dem Sie Lebensfreude schenken m\u00f6chten.<\/p>\n<p>Kerze im Preis inbegriffen.<\/p>\n","protected":false},"featured_media":10832,"comment_status":"closed","ping_status":"closed","template":"","meta":{"_acf_changed":false,"_links_to":"","_links_to_target":""},"collection":[],"product_brand":[],"product_cat":[641,633,666],"product_tag":[],"class_list":{"0":"post-10888","1":"product","2":"type-product","3":"status-publish","4":"has-post-thumbnail","6":"product_cat-kerzenleuchter","7":"product_cat-besondere-auswahl","8":"product_cat-dekorative-stuecke","9":"pa_cuida-tu-vidrio-glaspflege","10":"pa_piezas-unicas-einzigartig-stuck","12":"first","13":"instock","14":"featured","15":"taxable","16":"shipping-taxable","17":"purchasable","18":"product-type-simple"},"acf":[],"_links":{"self":[{"href":"https:\/\/lafiore.com\/de\/wp-json\/wp\/v2\/product\/10888","targetHints":{"allow":["GET"]}}],"collection":[{"href":"https:\/\/lafiore.com\/de\/wp-json\/wp\/v2\/product"}],"about":[{"href":"https:\/\/lafiore.com\/de\/wp-json\/wp\/v2\/types\/product"}],"replies":[{"embeddable":true,"href":"https:\/\/lafiore.com\/de\/wp-json\/wp\/v2\/comments?post=10888"}],"wp:featuredmedia":[{"embeddable":true,"href":"https:\/\/lafiore.com\/de\/wp-json\/wp\/v2\/media\/10832"}],"wp:attachment":[{"href":"https:\/\/lafiore.com\/de\/wp-json\/wp\/v2\/media?parent=10888"}],"wp:term":[{"taxonomy":"collection","embeddable":true,"href":"https:\/\/lafiore.com\/de\/wp-json\/wp\/v2\/collection?post=10888"},{"taxonomy":"product_brand","embeddable":true,"href":"https:\/\/lafiore.com\/de\/wp-json\/wp\/v2\/product_brand?post=10888"},{"taxonomy":"product_cat","embeddable":true,"href":"https:\/\/lafiore.com\/de\/wp-json\/wp\/v2\/product_cat?post=10888"},{"taxonomy":"product_tag","embeddable":true,"href":"https:\/\/lafiore.com\/de\/wp-json\/wp\/v2\/product_tag?post=10888"}],"curies":[{"name":"wp","href":"https:\/\/api.w.org\/{rel}","templated":true}]}}