{"id":15986,"date":"2022-06-13T17:57:04","date_gmt":"2022-06-13T15:57:04","guid":{"rendered":"https:\/\/lafiore.com\/?post_type=product&#038;p=15986"},"modified":"2022-06-14T09:38:10","modified_gmt":"2022-06-14T07:38:10","slug":"kerzenhalter-taronja","status":"publish","type":"product","link":"https:\/\/lafiore.com\/de\/producto\/kerzenhalter-taronja\/","title":{"rendered":"Taronja Kerzenhalter"},"content":{"rendered":"<p>Der \u00a0Kerzenhalter besteht aus Glas in der Schmelztechnik (ofengeformtes Glas). Das Glas in diesen St\u00fccken ist eine Mischung aus Farben, die eine Reihe sehr praktischer St\u00fccke bilden, die gleichzeitig den Tisch oder den Ort schm\u00fccken, an dem Sie die Lebensfreude schenken m\u00f6chten.<\/p>\n<p>Handgefertigt in flachen Glasschmelz\u00f6fen, wobei Farben und Formen sorgf\u00e4ltig ausgew\u00e4hlt werden, um einzigartige Produkte zu kreieren, die auch nach Ihren W\u00fcnschen variiert werden k\u00f6nnen.<\/p>\n","protected":false},"excerpt":{"rendered":"<p>Der Kerzenhalter besteht aus Glas in der Schmelztechnik (ofengeformtes Glas).<\/p>\n","protected":false},"featured_media":15990,"comment_status":"closed","ping_status":"closed","template":"","meta":{"_acf_changed":false,"_links_to":"","_links_to_target":""},"collection":[1381],"product_brand":[],"product_cat":[641,666],"product_tag":[],"class_list":{"0":"post-15986","1":"product","2":"type-product","3":"status-publish","4":"has-post-thumbnail","6":"collection-fusing-de","7":"product_cat-kerzenleuchter","8":"product_cat-dekorative-stuecke","9":"pa_cuida-tu-vidrio-glaspflege","10":"pa_piezas-unicas-einzigartig-stuck","12":"first","13":"instock","14":"taxable","15":"shipping-taxable","16":"purchasable","17":"product-type-simple"},"acf":[],"_links":{"self":[{"href":"https:\/\/lafiore.com\/de\/wp-json\/wp\/v2\/product\/15986","targetHints":{"allow":["GET"]}}],"collection":[{"href":"https:\/\/lafiore.com\/de\/wp-json\/wp\/v2\/product"}],"about":[{"href":"https:\/\/lafiore.com\/de\/wp-json\/wp\/v2\/types\/product"}],"replies":[{"embeddable":true,"href":"https:\/\/lafiore.com\/de\/wp-json\/wp\/v2\/comments?post=15986"}],"wp:featuredmedia":[{"embeddable":true,"href":"https:\/\/lafiore.com\/de\/wp-json\/wp\/v2\/media\/15990"}],"wp:attachment":[{"href":"https:\/\/lafiore.com\/de\/wp-json\/wp\/v2\/media?parent=15986"}],"wp:term":[{"taxonomy":"collection","embeddable":true,"href":"https:\/\/lafiore.com\/de\/wp-json\/wp\/v2\/collection?post=15986"},{"taxonomy":"product_brand","embeddable":true,"href":"https:\/\/lafiore.com\/de\/wp-json\/wp\/v2\/product_brand?post=15986"},{"taxonomy":"product_cat","embeddable":true,"href":"https:\/\/lafiore.com\/de\/wp-json\/wp\/v2\/product_cat?post=15986"},{"taxonomy":"product_tag","embeddable":true,"href":"https:\/\/lafiore.com\/de\/wp-json\/wp\/v2\/product_tag?post=15986"}],"curies":[{"name":"wp","href":"https:\/\/api.w.org\/{rel}","templated":true}]}}