{"id":16792,"date":"2022-09-08T19:18:03","date_gmt":"2022-09-08T17:18:03","guid":{"rendered":"https:\/\/lafiore.com\/?post_type=product&#038;p=16792"},"modified":"2022-09-08T19:24:01","modified_gmt":"2022-09-08T17:24:01","slug":"set-krug-und-4-glaser-confetti-om","status":"publish","type":"product","link":"https:\/\/lafiore.com\/de\/producto\/set-krug-und-4-glaser-confetti-om\/","title":{"rendered":"Set Krug und 4 Gl\u00e4ser Confetti OM"},"content":{"rendered":"<p>Set 1 Krug un 4 Gl\u00e4sser<\/p>\n<p>Jedes St\u00fcck von Coups, Gl\u00e4ser und Kannen enthalten die Essenz des Mittelmeeres. Mit ihren exquisiten Formen und Farben bringt unseres Kristall einen eigenartig und besonderen Glanz unserer gastronomischen Momenten.<\/p>\n<p>Jede Krug ist einzel und exclusive von Lafiore entworfen, da jede verschiedener Form ist und die Wasserdurchsichtigkeiten in jedem St\u00fcck anders ausstrahlen.<\/p>\n<p>Ein Merktmal des Mittelmeerglases ist, dass die St\u00fccke ornamental konzipiert sind aber das praktische Ziel sehr wahrgenommen.<\/p>\n","protected":false},"excerpt":{"rendered":"<p>Set 1 Krug und 4 Gl\u00e4sser<\/p>\n<p>Jedes St\u00fcck von Gl\u00e4ser und Kr\u00fcge enthalten die Essenz des Mittelmeeres. Mit ihren exquisiten Formen und Farben bringt unseres Kristall einen eigenartig und besonderen Glanz unserer gastronomischen Momenten.<\/p>\n","protected":false},"featured_media":16802,"comment_status":"open","ping_status":"closed","template":"","meta":{"_acf_changed":false,"_links_to":"","_links_to_target":""},"collection":[1375],"product_brand":[],"product_cat":[633,593,656,751],"product_tag":[],"class_list":{"0":"post-16792","1":"product","2":"type-product","3":"status-publish","4":"has-post-thumbnail","6":"collection-confetti-de","7":"product_cat-besondere-auswahl","8":"product_cat-hausrat","9":"product_cat-kruegen","10":"product_cat-sets_de","11":"pa_cuida-tu-vidrio-glaspflege","12":"pa_piezas-unicas-einzigartig-stuck","14":"first","15":"instock","16":"taxable","17":"shipping-taxable","18":"purchasable","19":"product-type-simple"},"acf":[],"_links":{"self":[{"href":"https:\/\/lafiore.com\/de\/wp-json\/wp\/v2\/product\/16792","targetHints":{"allow":["GET"]}}],"collection":[{"href":"https:\/\/lafiore.com\/de\/wp-json\/wp\/v2\/product"}],"about":[{"href":"https:\/\/lafiore.com\/de\/wp-json\/wp\/v2\/types\/product"}],"replies":[{"embeddable":true,"href":"https:\/\/lafiore.com\/de\/wp-json\/wp\/v2\/comments?post=16792"}],"wp:featuredmedia":[{"embeddable":true,"href":"https:\/\/lafiore.com\/de\/wp-json\/wp\/v2\/media\/16802"}],"wp:attachment":[{"href":"https:\/\/lafiore.com\/de\/wp-json\/wp\/v2\/media?parent=16792"}],"wp:term":[{"taxonomy":"collection","embeddable":true,"href":"https:\/\/lafiore.com\/de\/wp-json\/wp\/v2\/collection?post=16792"},{"taxonomy":"product_brand","embeddable":true,"href":"https:\/\/lafiore.com\/de\/wp-json\/wp\/v2\/product_brand?post=16792"},{"taxonomy":"product_cat","embeddable":true,"href":"https:\/\/lafiore.com\/de\/wp-json\/wp\/v2\/product_cat?post=16792"},{"taxonomy":"product_tag","embeddable":true,"href":"https:\/\/lafiore.com\/de\/wp-json\/wp\/v2\/product_tag?post=16792"}],"curies":[{"name":"wp","href":"https:\/\/api.w.org\/{rel}","templated":true}]}}