{"id":17079,"date":"2022-11-10T13:24:39","date_gmt":"2022-11-10T12:24:39","guid":{"rendered":"https:\/\/lafiore.com\/?post_type=product&#038;p=17079"},"modified":"2024-08-05T12:31:32","modified_gmt":"2024-08-05T10:31:32","slug":"weihnachtsbaum","status":"publish","type":"product","link":"https:\/\/lafiore.com\/de\/producto\/weihnachtsbaum\/","title":{"rendered":"Weihnachtsbaum"},"content":{"rendered":"<p>Mit der Fusing-Technik hergestellter Weihnachtsbaum mit einem Holzsockel von La Letreria<\/p>\n<p>Gr\u00f6\u00dfen:<\/p>\n<p>Klein: Kleine H\u00f6he: 27 cm x 13 ca.<br \/>\nGro\u00df: Gro\u00dfe H\u00f6he: 35 cm x 15 ca.<\/p>\n<p>100 % recyceltes Glas<\/p>\n","protected":false},"excerpt":{"rendered":"<p>Mit der Fusing-Technik hergestellter Weihnachtsbaum mit einem Holzsockel von La Letreria<\/p>\n<p>Gr\u00f6\u00dfen:<\/p>\n<p>Klein: Kleine H\u00f6he: 27 cm x 13 ca.<br \/>\nGro\u00df: Gro\u00dfe H\u00f6he: 35 cm x 15 ca.<\/p>\n<p>100 % recyceltes Glas<\/p>\n","protected":false},"featured_media":17108,"comment_status":"open","ping_status":"closed","template":"","meta":{"_acf_changed":false,"_links_to":"","_links_to_target":""},"collection":[1358,1381,1437],"product_brand":[],"product_cat":[666,633],"product_tag":[],"class_list":{"0":"post-17079","1":"product","2":"type-product","3":"status-publish","4":"has-post-thumbnail","6":"collection-einzigartiges-glas","7":"collection-fusing-de","8":"collection-weihnachten","9":"product_cat-dekorative-stuecke","10":"product_cat-besondere-auswahl","11":"pa_cuida-tu-vidrio-glaspflege","12":"pa_piezas-unicas-einzigartig-stuck","14":"first","15":"instock","16":"taxable","17":"shipping-taxable","18":"purchasable","19":"product-type-variable"},"acf":[],"_links":{"self":[{"href":"https:\/\/lafiore.com\/de\/wp-json\/wp\/v2\/product\/17079","targetHints":{"allow":["GET"]}}],"collection":[{"href":"https:\/\/lafiore.com\/de\/wp-json\/wp\/v2\/product"}],"about":[{"href":"https:\/\/lafiore.com\/de\/wp-json\/wp\/v2\/types\/product"}],"replies":[{"embeddable":true,"href":"https:\/\/lafiore.com\/de\/wp-json\/wp\/v2\/comments?post=17079"}],"wp:featuredmedia":[{"embeddable":true,"href":"https:\/\/lafiore.com\/de\/wp-json\/wp\/v2\/media\/17108"}],"wp:attachment":[{"href":"https:\/\/lafiore.com\/de\/wp-json\/wp\/v2\/media?parent=17079"}],"wp:term":[{"taxonomy":"collection","embeddable":true,"href":"https:\/\/lafiore.com\/de\/wp-json\/wp\/v2\/collection?post=17079"},{"taxonomy":"product_brand","embeddable":true,"href":"https:\/\/lafiore.com\/de\/wp-json\/wp\/v2\/product_brand?post=17079"},{"taxonomy":"product_cat","embeddable":true,"href":"https:\/\/lafiore.com\/de\/wp-json\/wp\/v2\/product_cat?post=17079"},{"taxonomy":"product_tag","embeddable":true,"href":"https:\/\/lafiore.com\/de\/wp-json\/wp\/v2\/product_tag?post=17079"}],"curies":[{"name":"wp","href":"https:\/\/api.w.org\/{rel}","templated":true}]}}