{"id":2922,"date":"2019-06-03T22:44:04","date_gmt":"2019-06-03T20:44:04","guid":{"rendered":"https:\/\/lafiore.com\/?post_type=product&#038;p=2922"},"modified":"2022-12-07T18:40:52","modified_gmt":"2022-12-07T17:40:52","slug":"oelkanne-mallorca-art","status":"publish","type":"product","link":"https:\/\/lafiore.com\/de\/producto\/oelkanne-mallorca-art\/","title":{"rendered":"\u00d6lkanne Mallorca Art"},"content":{"rendered":"<p>Diese \u00d6lkanne mischt die Tradition vom Alltag mit der Innovation der Formen. Auf auff\u00e4lligen Farben durchgef\u00fchrt, wirkt ein interessant dekoratives Objekt und stellt die enge Beziehung vom Oliven\u00f6l mit der Gastronomie des Mittelmeeres aus. Ein wesentliches Element unserer K\u00fcche.<\/p>\n<p>Die Mallorcas \u00d6lkanne ist leicht nachf\u00fcllbar,tropft nicht und hat eine gute Lagernkapazit\u00e4t.<\/p>\n","protected":false},"excerpt":{"rendered":"<p>Die Mallorcas \u00d6lkanne ist leicht nachf\u00fcllbar,tropft nicht und hat eine gute Lagernkapazit\u00e4t.<\/p>\n","protected":false},"featured_media":10507,"comment_status":"open","ping_status":"closed","template":"","meta":{"_acf_changed":false,"_links_to":"","_links_to_target":""},"collection":[1360],"product_brand":[],"product_cat":[593,591],"product_tag":[],"class_list":{"0":"post-2922","1":"product","2":"type-product","3":"status-publish","4":"has-post-thumbnail","6":"collection-blaues-meer","7":"product_cat-hausrat","8":"product_cat-oelkannen","9":"pa_cuida-tu-vidrio-glaspflege","10":"pa_cuida-tu-vidrio-olkanne-waschen","11":"pa_piezas-unicas-einzigartig-stuck","13":"first","14":"instock","15":"taxable","16":"shipping-taxable","17":"purchasable","18":"product-type-simple"},"acf":[],"_links":{"self":[{"href":"https:\/\/lafiore.com\/de\/wp-json\/wp\/v2\/product\/2922","targetHints":{"allow":["GET"]}}],"collection":[{"href":"https:\/\/lafiore.com\/de\/wp-json\/wp\/v2\/product"}],"about":[{"href":"https:\/\/lafiore.com\/de\/wp-json\/wp\/v2\/types\/product"}],"replies":[{"embeddable":true,"href":"https:\/\/lafiore.com\/de\/wp-json\/wp\/v2\/comments?post=2922"}],"wp:featuredmedia":[{"embeddable":true,"href":"https:\/\/lafiore.com\/de\/wp-json\/wp\/v2\/media\/10507"}],"wp:attachment":[{"href":"https:\/\/lafiore.com\/de\/wp-json\/wp\/v2\/media?parent=2922"}],"wp:term":[{"taxonomy":"collection","embeddable":true,"href":"https:\/\/lafiore.com\/de\/wp-json\/wp\/v2\/collection?post=2922"},{"taxonomy":"product_brand","embeddable":true,"href":"https:\/\/lafiore.com\/de\/wp-json\/wp\/v2\/product_brand?post=2922"},{"taxonomy":"product_cat","embeddable":true,"href":"https:\/\/lafiore.com\/de\/wp-json\/wp\/v2\/product_cat?post=2922"},{"taxonomy":"product_tag","embeddable":true,"href":"https:\/\/lafiore.com\/de\/wp-json\/wp\/v2\/product_tag?post=2922"}],"curies":[{"name":"wp","href":"https:\/\/api.w.org\/{rel}","templated":true}]}}