{"id":3134,"date":"2018-11-04T19:58:28","date_gmt":"2018-11-04T17:58:28","guid":{"rendered":"https:\/\/lafiore.com\/?post_type=product&#038;p=3134"},"modified":"2019-02-24T20:43:13","modified_gmt":"2019-02-24T18:43:13","slug":"formentor-bowl","status":"publish","type":"product","link":"https:\/\/lafiore.com\/de\/producto\/formentor-bowl\/","title":{"rendered":"Formentor Bowl"},"content":{"rendered":"<p>Die Formentor Bowl ist ein St\u00fcck, das die Natur nachbildet, und Sie k\u00f6nnen es nach Ihren Vorstellungen verwenden.<\/p>\n<p>Es kann ein wundersch\u00f6nes Mittelst\u00fcck sein, das auf jedem Material hervorsticht und dem Raum einen Hauch von Farbe verleiht. Es ist auch eine sehr praktische Salatsch\u00fcssel, die auch die K\u00fcche mit einer spektakul\u00e4ren Pr\u00e4sentation belebt.<\/p>\n","protected":false},"excerpt":{"rendered":"<p>Die Formentor Bowl ist ein St\u00fcck, das die Natur nachbildet, und Sie k\u00f6nnen es nach Ihren Vorstellungen verwenden.<\/p>\n<p>&nbsp;<\/p>\n","protected":false},"featured_media":15756,"comment_status":"open","ping_status":"closed","template":"","meta":{"_acf_changed":false,"_links_to":"","_links_to_target":""},"collection":[1360,1358,1364],"product_brand":[],"product_cat":[593,633,627,666,662],"product_tag":[],"class_list":{"0":"post-3134","1":"product","2":"type-product","3":"status-publish","4":"has-post-thumbnail","6":"collection-blaues-meer","7":"collection-einzigartiges-glas","8":"collection-geschenke","9":"product_cat-hausrat","10":"product_cat-besondere-auswahl","11":"product_cat-dekoration","12":"product_cat-dekorative-stuecke","13":"product_cat-schuesseln","15":"first","16":"instock","17":"taxable","18":"shipping-taxable","19":"purchasable","20":"product-type-simple"},"acf":[],"_links":{"self":[{"href":"https:\/\/lafiore.com\/de\/wp-json\/wp\/v2\/product\/3134","targetHints":{"allow":["GET"]}}],"collection":[{"href":"https:\/\/lafiore.com\/de\/wp-json\/wp\/v2\/product"}],"about":[{"href":"https:\/\/lafiore.com\/de\/wp-json\/wp\/v2\/types\/product"}],"replies":[{"embeddable":true,"href":"https:\/\/lafiore.com\/de\/wp-json\/wp\/v2\/comments?post=3134"}],"wp:featuredmedia":[{"embeddable":true,"href":"https:\/\/lafiore.com\/de\/wp-json\/wp\/v2\/media\/15756"}],"wp:attachment":[{"href":"https:\/\/lafiore.com\/de\/wp-json\/wp\/v2\/media?parent=3134"}],"wp:term":[{"taxonomy":"collection","embeddable":true,"href":"https:\/\/lafiore.com\/de\/wp-json\/wp\/v2\/collection?post=3134"},{"taxonomy":"product_brand","embeddable":true,"href":"https:\/\/lafiore.com\/de\/wp-json\/wp\/v2\/product_brand?post=3134"},{"taxonomy":"product_cat","embeddable":true,"href":"https:\/\/lafiore.com\/de\/wp-json\/wp\/v2\/product_cat?post=3134"},{"taxonomy":"product_tag","embeddable":true,"href":"https:\/\/lafiore.com\/de\/wp-json\/wp\/v2\/product_tag?post=3134"}],"curies":[{"name":"wp","href":"https:\/\/api.w.org\/{rel}","templated":true}]}}