{"id":3252,"date":"2018-08-29T08:21:32","date_gmt":"2018-08-29T06:21:32","guid":{"rendered":"https:\/\/lafiore.com\/?post_type=product&#038;p=3252"},"modified":"2021-04-21T11:34:14","modified_gmt":"2021-04-21T09:34:14","slug":"weinkaraffe-aroma","status":"publish","type":"product","link":"https:\/\/lafiore.com\/de\/producto\/weinkaraffe-aroma\/","title":{"rendered":"Weinkaraffe Confetti"},"content":{"rendered":"<p>Die Weinkaraffe ist ein St\u00fcck Glas, durch das die Essenz des Weins flie\u00dft.<\/p>\n<p>Die Weinkaraffe besteht aus der klassischen Form und den erlesenen Farben, die das Aroma verst\u00e4rken und die Farbe des Weins respektieren, wenn er mit Liebe in ein entsprechendes Glas gegossen wird. Entworfen, um die Hauptfunktion dieser St\u00fccke zu erf\u00fcllen, wie die Sauerstoffanreicherung des Weins, die Trennung von B\u00f6den oder Sedimenten, um sogar diesen aufregenden jungen Wein zu \u00f6ffnen, der die Klassiker in einer Welt der endlosen Empfindungen herausfordert.<\/p>\n","protected":false},"excerpt":{"rendered":"<p>Die Weinkaraffe ist ein St\u00fcck Glas, durch das die Essenz des Weins flie\u00dft.<\/p>\n<p>&nbsp;<\/p>\n","protected":false},"featured_media":33655,"comment_status":"open","ping_status":"closed","template":"","meta":{"_acf_changed":false,"_links_to":"","_links_to_target":""},"collection":[1375],"product_brand":[],"product_cat":[625],"product_tag":[688],"class_list":{"0":"post-3252","1":"product","2":"type-product","3":"status-publish","4":"has-post-thumbnail","6":"collection-confetti-de","7":"product_cat-flaschen","8":"product_tag-decantador-de-vino-de","9":"pa_cuida-tu-vidrio-glaspflege","10":"pa_piezas-unicas-einzigartig-stuck","12":"first","13":"instock","14":"taxable","15":"shipping-taxable","16":"purchasable","17":"product-type-simple"},"acf":[],"_links":{"self":[{"href":"https:\/\/lafiore.com\/de\/wp-json\/wp\/v2\/product\/3252","targetHints":{"allow":["GET"]}}],"collection":[{"href":"https:\/\/lafiore.com\/de\/wp-json\/wp\/v2\/product"}],"about":[{"href":"https:\/\/lafiore.com\/de\/wp-json\/wp\/v2\/types\/product"}],"replies":[{"embeddable":true,"href":"https:\/\/lafiore.com\/de\/wp-json\/wp\/v2\/comments?post=3252"}],"wp:featuredmedia":[{"embeddable":true,"href":"https:\/\/lafiore.com\/de\/wp-json\/wp\/v2\/media\/33655"}],"wp:attachment":[{"href":"https:\/\/lafiore.com\/de\/wp-json\/wp\/v2\/media?parent=3252"}],"wp:term":[{"taxonomy":"collection","embeddable":true,"href":"https:\/\/lafiore.com\/de\/wp-json\/wp\/v2\/collection?post=3252"},{"taxonomy":"product_brand","embeddable":true,"href":"https:\/\/lafiore.com\/de\/wp-json\/wp\/v2\/product_brand?post=3252"},{"taxonomy":"product_cat","embeddable":true,"href":"https:\/\/lafiore.com\/de\/wp-json\/wp\/v2\/product_cat?post=3252"},{"taxonomy":"product_tag","embeddable":true,"href":"https:\/\/lafiore.com\/de\/wp-json\/wp\/v2\/product_tag?post=3252"}],"curies":[{"name":"wp","href":"https:\/\/api.w.org\/{rel}","templated":true}]}}