{"id":3292,"date":"2018-07-09T15:45:44","date_gmt":"2018-07-09T15:45:44","guid":{"rendered":"https:\/\/lafiore.com\/?post_type=product&#038;p=3292"},"modified":"2021-11-17T11:44:40","modified_gmt":"2021-11-17T10:44:40","slug":"glas-nero","status":"publish","type":"product","link":"https:\/\/lafiore.com\/de\/producto\/glas-nero\/","title":{"rendered":"Glas Nero"},"content":{"rendered":"<p>Jedes St\u00fcck von Coups, Gl\u00e4ser und Kannen enthalten die Essenz des Mittelmeeres. Mit ihren exquisiten Formen und Farben bringt unseres Kristall einen eigenartig und besonderen Glanz unserer gastronomischen Momenten.<\/p>\n<p>Wir empfehlen diese Produkte Hand zu reinigen. Wenn Geschirrsp\u00fclmaschine gebraucht wird kann das Glas ihren originalen Glanz verlieren, in diesem Fall geeignete Seife benutzen. Vermeiden Sie auch Mikrowellen: unseres Glas wird nicht industriell hergestellt, dann ist nicht f\u00fcr gro\u00dfe Temperatur\u00e4nderungen vorbereitet, k\u00f6nnte zerbrochen werden.<\/p>\n","protected":false},"excerpt":{"rendered":"<p>Jedes St\u00fcck von Coups, Gl\u00e4ser und Kannen enthalten die Essenz des Mittelmeeres. Mit ihren exquisiten Formen und Farben bringt unseres Kristall einen eigenartig und besonderen Glanz unserer gastronomischen Momenten.<\/p>\n","protected":false},"featured_media":9779,"comment_status":"open","ping_status":"closed","template":"","meta":{"_acf_changed":false,"_links_to":"","_links_to_target":""},"collection":[1362],"product_brand":[],"product_cat":[623,593],"product_tag":[682],"class_list":{"0":"post-3292","1":"product","2":"type-product","3":"status-publish","4":"has-post-thumbnail","6":"collection-negre-eleganz","7":"product_cat-glaeser","8":"product_cat-hausrat","9":"product_tag-vaso-en-de","11":"first","12":"instock","13":"taxable","14":"shipping-taxable","15":"purchasable","16":"product-type-variable","17":"has-default-attributes"},"acf":[],"_links":{"self":[{"href":"https:\/\/lafiore.com\/de\/wp-json\/wp\/v2\/product\/3292","targetHints":{"allow":["GET"]}}],"collection":[{"href":"https:\/\/lafiore.com\/de\/wp-json\/wp\/v2\/product"}],"about":[{"href":"https:\/\/lafiore.com\/de\/wp-json\/wp\/v2\/types\/product"}],"replies":[{"embeddable":true,"href":"https:\/\/lafiore.com\/de\/wp-json\/wp\/v2\/comments?post=3292"}],"wp:featuredmedia":[{"embeddable":true,"href":"https:\/\/lafiore.com\/de\/wp-json\/wp\/v2\/media\/9779"}],"wp:attachment":[{"href":"https:\/\/lafiore.com\/de\/wp-json\/wp\/v2\/media?parent=3292"}],"wp:term":[{"taxonomy":"collection","embeddable":true,"href":"https:\/\/lafiore.com\/de\/wp-json\/wp\/v2\/collection?post=3292"},{"taxonomy":"product_brand","embeddable":true,"href":"https:\/\/lafiore.com\/de\/wp-json\/wp\/v2\/product_brand?post=3292"},{"taxonomy":"product_cat","embeddable":true,"href":"https:\/\/lafiore.com\/de\/wp-json\/wp\/v2\/product_cat?post=3292"},{"taxonomy":"product_tag","embeddable":true,"href":"https:\/\/lafiore.com\/de\/wp-json\/wp\/v2\/product_tag?post=3292"}],"curies":[{"name":"wp","href":"https:\/\/api.w.org\/{rel}","templated":true}]}}