{"id":33378,"date":"2023-03-03T19:12:30","date_gmt":"2023-03-03T18:12:30","guid":{"rendered":"https:\/\/lafiore.com\/?post_type=product&#038;p=33378"},"modified":"2023-03-03T19:26:08","modified_gmt":"2023-03-03T18:26:08","slug":"das-versatil-blau","status":"publish","type":"product","link":"https:\/\/lafiore.com\/de\/producto\/das-versatil-blau\/","title":{"rendered":"Das Versatil Blau"},"content":{"rendered":"<p>Das <strong>Vers\u00e1til<\/strong> ist ein Glas von der Gr\u00f6\u00dfe eines zurito. Das Vielseitige ist eine Sch\u00fcssel. Der Versatile kann auch ein Kerzenhalter sein. Der Vielseitige ist ein Salzstreuer. Vielseitig wird so genannt, weil Sie es selbst als dekoratives Objekt verwenden k\u00f6nnen.<\/p>\n<p>Von Lafiore entworfenes und kreiertes St\u00fcck Glas, das der Tradition von Mallorca folgt und Ihre Lieblingsfarben in jedes der St\u00fccke einf\u00fchrt.<\/p>\n","protected":false},"excerpt":{"rendered":"<p>Von Lafiore entworfenes und kreiertes St\u00fcck Glas, das der Tradition von Mallorca folgt und Ihre Lieblingsfarben in jedes der St\u00fccke einf\u00fchrt.<\/p>\n","protected":false},"featured_media":33394,"comment_status":"open","ping_status":"closed","template":"","meta":{"_acf_changed":false,"_links_to":"","_links_to_target":""},"collection":[1360],"product_brand":[],"product_cat":[1418],"product_tag":[],"class_list":{"0":"post-33378","1":"product","2":"type-product","3":"status-publish","4":"has-post-thumbnail","6":"collection-blaues-meer","7":"product_cat-einmachglas","8":"pa_cuida-tu-vidrio-glaspflege","9":"pa_piezas-unicas-einzigartig-stuck","11":"first","12":"instock","13":"taxable","14":"shipping-taxable","15":"purchasable","16":"product-type-simple"},"acf":[],"_links":{"self":[{"href":"https:\/\/lafiore.com\/de\/wp-json\/wp\/v2\/product\/33378","targetHints":{"allow":["GET"]}}],"collection":[{"href":"https:\/\/lafiore.com\/de\/wp-json\/wp\/v2\/product"}],"about":[{"href":"https:\/\/lafiore.com\/de\/wp-json\/wp\/v2\/types\/product"}],"replies":[{"embeddable":true,"href":"https:\/\/lafiore.com\/de\/wp-json\/wp\/v2\/comments?post=33378"}],"wp:featuredmedia":[{"embeddable":true,"href":"https:\/\/lafiore.com\/de\/wp-json\/wp\/v2\/media\/33394"}],"wp:attachment":[{"href":"https:\/\/lafiore.com\/de\/wp-json\/wp\/v2\/media?parent=33378"}],"wp:term":[{"taxonomy":"collection","embeddable":true,"href":"https:\/\/lafiore.com\/de\/wp-json\/wp\/v2\/collection?post=33378"},{"taxonomy":"product_brand","embeddable":true,"href":"https:\/\/lafiore.com\/de\/wp-json\/wp\/v2\/product_brand?post=33378"},{"taxonomy":"product_cat","embeddable":true,"href":"https:\/\/lafiore.com\/de\/wp-json\/wp\/v2\/product_cat?post=33378"},{"taxonomy":"product_tag","embeddable":true,"href":"https:\/\/lafiore.com\/de\/wp-json\/wp\/v2\/product_tag?post=33378"}],"curies":[{"name":"wp","href":"https:\/\/api.w.org\/{rel}","templated":true}]}}