{"id":33915,"date":"2023-04-04T10:41:37","date_gmt":"2023-04-04T08:41:37","guid":{"rendered":"https:\/\/lafiore.com\/?post_type=product&#038;p=33915"},"modified":"2023-04-04T10:47:56","modified_gmt":"2023-04-04T08:47:56","slug":"glasgefas-mit-deckel","status":"publish","type":"product","link":"https:\/\/lafiore.com\/de\/producto\/glasgefas-mit-deckel\/","title":{"rendered":"Glasgef\u00e4\u00df mit Deckel"},"content":{"rendered":"<p>Glasgef\u00e4\u00df mit Holzdeckel, handgefertigt mit der Technik des geblasenen Glases.<\/p>\n<p>Dieses St\u00fcck ist einzigartig und jede Flasche oder jedes Glas. ist anders. K\u00fcnstler schaffen Sch\u00f6nheit mit der Zuf\u00e4lligkeit der Natur.<\/p>\n","protected":false},"excerpt":{"rendered":"<p>Glasgef\u00e4\u00df mit Holzdeckel, pr\u00e4sentiert in einem Set aus zwei mundgeblasenen Glasgef\u00e4\u00dfen oder Gef\u00e4\u00dfen mit Holzdeckel. Das Sortiment an Konservendosen, Zuckerdosen, Kaffee- und Teedosen und Glasdosen, entweder zum Konservieren Ihrer hausgemachten Gastronomie oder einfach zum Aufbewahren von Lebensmitteln. Das Bef\u00fcllen von Gl\u00e4sern mit Lebensmitteln ist nicht nur n\u00fctzlich, sondern verleiht Ihrer K\u00fcche auch eine pers\u00f6nliche Note.<\/p>\n<p>F\u00fcllen Sie das kleine Glas nach Belieben, ob Kaffee, Tee, Zucker oder Kekse, wenn Sie mal durchatmen und genie\u00dfen m\u00f6chten. Dank seines klaren Liniendesigns l\u00e4sst es sich leicht mit anderen Geschirrteilen kombinieren.<\/p>\n<p>Dieses St\u00fcck ist einzigartig und jedes Boot ist anders. K\u00fcnstler schaffen Sch\u00f6nheit mit der Zuf\u00e4lligkeit der Natur.<\/p>\n<p>Mittel:<\/p>\n<p>Gro\u00df 8 cm x 14 cm.<br \/>\nMittel: 8 x 10 cm.<\/p>\n<p>Set bestehend aus zwei Einheiten<\/p>\n","protected":false},"featured_media":33906,"comment_status":"open","ping_status":"closed","template":"","meta":{"_acf_changed":false,"_links_to":"","_links_to_target":""},"collection":[],"product_brand":[],"product_cat":[593,1418,751],"product_tag":[],"class_list":{"0":"post-33915","1":"product","2":"type-product","3":"status-publish","4":"has-post-thumbnail","6":"product_cat-hausrat","7":"product_cat-einmachglas","8":"product_cat-sets_de","9":"pa_cuida-tu-vidrio-glaspflege","10":"pa_piezas-unicas-einzigartig-stuck","11":"pa_presentation-satz-x-2","13":"first","14":"instock","15":"featured","16":"taxable","17":"shipping-taxable","18":"purchasable","19":"product-type-simple"},"acf":[],"_links":{"self":[{"href":"https:\/\/lafiore.com\/de\/wp-json\/wp\/v2\/product\/33915","targetHints":{"allow":["GET"]}}],"collection":[{"href":"https:\/\/lafiore.com\/de\/wp-json\/wp\/v2\/product"}],"about":[{"href":"https:\/\/lafiore.com\/de\/wp-json\/wp\/v2\/types\/product"}],"replies":[{"embeddable":true,"href":"https:\/\/lafiore.com\/de\/wp-json\/wp\/v2\/comments?post=33915"}],"wp:featuredmedia":[{"embeddable":true,"href":"https:\/\/lafiore.com\/de\/wp-json\/wp\/v2\/media\/33906"}],"wp:attachment":[{"href":"https:\/\/lafiore.com\/de\/wp-json\/wp\/v2\/media?parent=33915"}],"wp:term":[{"taxonomy":"collection","embeddable":true,"href":"https:\/\/lafiore.com\/de\/wp-json\/wp\/v2\/collection?post=33915"},{"taxonomy":"product_brand","embeddable":true,"href":"https:\/\/lafiore.com\/de\/wp-json\/wp\/v2\/product_brand?post=33915"},{"taxonomy":"product_cat","embeddable":true,"href":"https:\/\/lafiore.com\/de\/wp-json\/wp\/v2\/product_cat?post=33915"},{"taxonomy":"product_tag","embeddable":true,"href":"https:\/\/lafiore.com\/de\/wp-json\/wp\/v2\/product_tag?post=33915"}],"curies":[{"name":"wp","href":"https:\/\/api.w.org\/{rel}","templated":true}]}}