{"id":35450,"date":"2023-11-30T18:32:43","date_gmt":"2023-11-30T17:32:43","guid":{"rendered":"https:\/\/lafiore.com\/producto\/vase-und-glaskerze-bulb\/"},"modified":"2023-11-30T18:32:43","modified_gmt":"2023-11-30T17:32:43","slug":"vase-und-glaskerze-bulb","status":"publish","type":"product","link":"https:\/\/lafiore.com\/de\/producto\/vase-und-glaskerze-bulb\/","title":{"rendered":"Vase und Glaskerze Bulb"},"content":{"rendered":"<p>Vase und Glaskerze zugleich, die der Dekoration Ihres Tisches oder des Raums, der W\u00e4rme braucht, eine elegante Note verleihen.<\/p>\n<p>Ma\u00dfe: 15,5 cm hoch x 12 cm Durchmesser x Durchmesser f\u00fcr 5,5 cm Z\u00fcndkerzenkerze<\/p>\n","protected":false},"excerpt":{"rendered":"<p>Vase und Glaskerze zugleich, die der Dekoration Ihres Tisches oder des Raums, der W\u00e4rme braucht, eine elegante Note verleihen.<\/p>\n<p>Ma\u00dfe: 15,5 cm hoch x 12 cm Durchmesser x Durchmesser f\u00fcr 5,5 cm Z\u00fcndkerzenkerze<\/p>\n","protected":false},"featured_media":35284,"comment_status":"open","ping_status":"closed","template":"","meta":{"_acf_changed":false,"_links_to":"","_links_to_target":""},"collection":[1447,1437],"product_brand":[],"product_cat":[641,637],"product_tag":[],"class_list":{"0":"post-35450","1":"product","2":"type-product","3":"status-publish","4":"has-post-thumbnail","6":"collection-nadal-de","7":"collection-weihnachten","8":"product_cat-kerzenleuchter","9":"product_cat-vasen","10":"pa_piezas-unicas-einzigartig-stuck","12":"first","13":"instock","14":"taxable","15":"shipping-taxable","16":"purchasable","17":"product-type-simple"},"acf":[],"_links":{"self":[{"href":"https:\/\/lafiore.com\/de\/wp-json\/wp\/v2\/product\/35450","targetHints":{"allow":["GET"]}}],"collection":[{"href":"https:\/\/lafiore.com\/de\/wp-json\/wp\/v2\/product"}],"about":[{"href":"https:\/\/lafiore.com\/de\/wp-json\/wp\/v2\/types\/product"}],"replies":[{"embeddable":true,"href":"https:\/\/lafiore.com\/de\/wp-json\/wp\/v2\/comments?post=35450"}],"wp:featuredmedia":[{"embeddable":true,"href":"https:\/\/lafiore.com\/de\/wp-json\/wp\/v2\/media\/35284"}],"wp:attachment":[{"href":"https:\/\/lafiore.com\/de\/wp-json\/wp\/v2\/media?parent=35450"}],"wp:term":[{"taxonomy":"collection","embeddable":true,"href":"https:\/\/lafiore.com\/de\/wp-json\/wp\/v2\/collection?post=35450"},{"taxonomy":"product_brand","embeddable":true,"href":"https:\/\/lafiore.com\/de\/wp-json\/wp\/v2\/product_brand?post=35450"},{"taxonomy":"product_cat","embeddable":true,"href":"https:\/\/lafiore.com\/de\/wp-json\/wp\/v2\/product_cat?post=35450"},{"taxonomy":"product_tag","embeddable":true,"href":"https:\/\/lafiore.com\/de\/wp-json\/wp\/v2\/product_tag?post=35450"}],"curies":[{"name":"wp","href":"https:\/\/api.w.org\/{rel}","templated":true}]}}