{"id":3639,"date":"2018-07-22T08:51:07","date_gmt":"2018-07-22T08:51:07","guid":{"rendered":"https:\/\/lafiore.com\/?post_type=product&#038;p=3639"},"modified":"2019-04-06T20:23:01","modified_gmt":"2019-04-06T18:23:01","slug":"kerzen-eclipse","status":"publish","type":"product","link":"https:\/\/lafiore.com\/de\/producto\/kerzen-eclipse\/","title":{"rendered":"Kerzen Eclipse"},"content":{"rendered":"<p>Das w\u00e4rmeste Licht strahlt aus jeder Lampe von Lafiore aus. Au\u00dferdem bilden auch ein dekoratives und originales Element f\u00fcr die Ausstattung unserer Wohnungen.<\/p>\n<p>Ein Kerzen f\u00fcr Sie.<\/p>\n","protected":false},"excerpt":{"rendered":"<p>Das w\u00e4rmeste Licht strahlt aus jeder Lampe von Lafiore aus. Au\u00dferdem bilden auch ein dekoratives und originales Element f\u00fcr die Ausstattung unserer Wohnungen.<\/p>\n","protected":false},"featured_media":15886,"comment_status":"open","ping_status":"closed","template":"","meta":{"_acf_changed":false,"_links_to":"","_links_to_target":""},"collection":[1369],"product_brand":[],"product_cat":[641,627],"product_tag":[],"class_list":{"0":"post-3639","1":"product","2":"type-product","3":"status-publish","4":"has-post-thumbnail","6":"collection-eclipse-de","7":"product_cat-kerzenleuchter","8":"product_cat-dekoration","10":"first","11":"outofstock","12":"taxable","13":"shipping-taxable","14":"purchasable","15":"product-type-variable"},"acf":[],"_links":{"self":[{"href":"https:\/\/lafiore.com\/de\/wp-json\/wp\/v2\/product\/3639","targetHints":{"allow":["GET"]}}],"collection":[{"href":"https:\/\/lafiore.com\/de\/wp-json\/wp\/v2\/product"}],"about":[{"href":"https:\/\/lafiore.com\/de\/wp-json\/wp\/v2\/types\/product"}],"replies":[{"embeddable":true,"href":"https:\/\/lafiore.com\/de\/wp-json\/wp\/v2\/comments?post=3639"}],"wp:featuredmedia":[{"embeddable":true,"href":"https:\/\/lafiore.com\/de\/wp-json\/wp\/v2\/media\/15886"}],"wp:attachment":[{"href":"https:\/\/lafiore.com\/de\/wp-json\/wp\/v2\/media?parent=3639"}],"wp:term":[{"taxonomy":"collection","embeddable":true,"href":"https:\/\/lafiore.com\/de\/wp-json\/wp\/v2\/collection?post=3639"},{"taxonomy":"product_brand","embeddable":true,"href":"https:\/\/lafiore.com\/de\/wp-json\/wp\/v2\/product_brand?post=3639"},{"taxonomy":"product_cat","embeddable":true,"href":"https:\/\/lafiore.com\/de\/wp-json\/wp\/v2\/product_cat?post=3639"},{"taxonomy":"product_tag","embeddable":true,"href":"https:\/\/lafiore.com\/de\/wp-json\/wp\/v2\/product_tag?post=3639"}],"curies":[{"name":"wp","href":"https:\/\/api.w.org\/{rel}","templated":true}]}}