{"id":37843,"date":"2024-12-27T10:22:25","date_gmt":"2024-12-27T09:22:25","guid":{"rendered":"https:\/\/lafiore.com\/?post_type=product&#038;p=37843"},"modified":"2024-12-27T10:27:41","modified_gmt":"2024-12-27T09:27:41","slug":"duftkerze-orangenblute-copia-copia","status":"publish","type":"product","link":"https:\/\/lafiore.com\/de\/producto\/duftkerze-orangenblute-copia-copia\/","title":{"rendered":"Duftkerze Fig"},"content":{"rendered":"<h2>Feigenbaum-Duftkerze<\/h2>\n<p>Duftkerzen sind eine tolle M\u00f6glichkeit zum Entspannen. Die D\u00fcfte erg\u00e4nzen das warme Licht und helfen Ihnen, eine gute Atmosph\u00e4re zu schaffen. Vom Geschmack des Sommers auf Mallorca bis zum hypnotisierenden Duft eines Kaffees nach dem Abendessen k\u00f6nnen Sie aus vielen D\u00fcften w\u00e4hlen. Alle Kerzen haben einen recycelten Glasst\u00e4nder, den Sie dann als Kerzenhalter verwenden k\u00f6nnen.<\/p>\n<h4>Produktdetails<\/h4>\n<p>Duftkerze mit warmem und s\u00fc\u00dfem Duft.<\/p>\n<p>Ideal, um zu Hause eine gem\u00fctliche Atmosph\u00e4re zu schaffen, die an ruhige Tage mit Freunden und Familie erinnert.<\/p>\n<p>Das Wachs in diesem Produkt stammt aus Wachs pflanzlichen Ursprungs.<\/p>\n<p>Wenn die Kerze ausgebrannt ist, k\u00f6nnen Sie das Glas zur Aufbewahrung von Kleinigkeiten nutzen oder es als Kerzenhalter nutzen.<\/p>\n<p>Das Parf\u00fcm h\u00e4lt l\u00e4nger, wenn Sie die Kerze im ausgeschalteten Zustand abdecken. Die Kappe ist im Lieferumfang enthalten.<\/p>\n<p>Von Lafiore nach der Tradition Mallorcas entworfenes und hergestelltes Glasst\u00fcck, das in jedem St\u00fcck Ihre Lieblingsfarben einbringt.<\/p>\n<p>100 % recyceltes Glas<\/p>\n<h5>Unikate<\/h5>\n<p>Die St\u00fccke werden einzeln von Hand gefertigt, daher k\u00f6nnen kleine Farb- und\/oder Gr\u00f6\u00dfenunterschiede auftreten.<\/p>\n<h5>Passen Sie auf Ihr Glas auf<\/h5>\n<p>Zur Pflege Ihrer Glasgegenst\u00e4nde empfiehlt sich die Reinigung per Hand.<\/p>\n<p>Wenn Sie die Sp\u00fclmaschine benutzen, verwenden Sie Qualit\u00e4tsprodukte im entsprechenden Ma\u00df, da die Teile sonst ihren urspr\u00fcnglichen Glanz verlieren k\u00f6nnen. Wir empfehlen die Reinigung der Teile per Hand.<\/p>\n<p>Seien Sie vorsichtig bei Temperaturschwankungen: Da unser Glas nicht industriell hergestellt wird, ist es daf\u00fcr nicht ausgelegt und Temperaturschwankungen k\u00f6nnen zum Bruch f\u00fchren.<\/p>\n<p>Es wird empfohlen, mit Lafiore-St\u00fccken keine Fl\u00fcssigkeiten in der Mikrowelle zu erhitzen, geschweige denn hei\u00dfes Wasser dar\u00fcberzugie\u00dfen.<\/p>\n","protected":false},"excerpt":{"rendered":"<p>Duftkerzen sind eine tolle M\u00f6glichkeit zum Entspannen. Die D\u00fcfte erg\u00e4nzen das warme Licht und helfen Ihnen, eine gute Atmosph\u00e4re zu schaffen. Vom Geschmack des Sommers auf Mallorca bis zum hypnotisierenden Duft eines Kaffees nach dem Abendessen k\u00f6nnen Sie aus vielen<\/p>\n","protected":false},"featured_media":37847,"comment_status":"open","ping_status":"closed","template":"","meta":{"_acf_changed":false,"_links_to":"","_links_to_target":""},"collection":[],"product_brand":[],"product_cat":[1465],"product_tag":[1468],"class_list":{"0":"post-37843","1":"product","2":"type-product","3":"status-publish","4":"has-post-thumbnail","6":"product_cat-duftkerzen","7":"product_tag-duftkerze","8":"pa_cuida-tu-vidrio-glaspflege","9":"pa_piezas-unicas-einzigartig-stuck","11":"first","12":"outofstock","13":"taxable","14":"shipping-taxable","15":"purchasable","16":"product-type-simple"},"acf":[],"_links":{"self":[{"href":"https:\/\/lafiore.com\/de\/wp-json\/wp\/v2\/product\/37843","targetHints":{"allow":["GET"]}}],"collection":[{"href":"https:\/\/lafiore.com\/de\/wp-json\/wp\/v2\/product"}],"about":[{"href":"https:\/\/lafiore.com\/de\/wp-json\/wp\/v2\/types\/product"}],"replies":[{"embeddable":true,"href":"https:\/\/lafiore.com\/de\/wp-json\/wp\/v2\/comments?post=37843"}],"wp:featuredmedia":[{"embeddable":true,"href":"https:\/\/lafiore.com\/de\/wp-json\/wp\/v2\/media\/37847"}],"wp:attachment":[{"href":"https:\/\/lafiore.com\/de\/wp-json\/wp\/v2\/media?parent=37843"}],"wp:term":[{"taxonomy":"collection","embeddable":true,"href":"https:\/\/lafiore.com\/de\/wp-json\/wp\/v2\/collection?post=37843"},{"taxonomy":"product_brand","embeddable":true,"href":"https:\/\/lafiore.com\/de\/wp-json\/wp\/v2\/product_brand?post=37843"},{"taxonomy":"product_cat","embeddable":true,"href":"https:\/\/lafiore.com\/de\/wp-json\/wp\/v2\/product_cat?post=37843"},{"taxonomy":"product_tag","embeddable":true,"href":"https:\/\/lafiore.com\/de\/wp-json\/wp\/v2\/product_tag?post=37843"}],"curies":[{"name":"wp","href":"https:\/\/api.w.org\/{rel}","templated":true}]}}