{"id":6016,"date":"2019-11-06T19:19:45","date_gmt":"2019-11-06T17:54:45","guid":{"rendered":"https:\/\/lafiore.com\/?post_type=product&#038;p=6016"},"modified":"2019-11-10T12:44:37","modified_gmt":"2019-11-10T10:44:37","slug":"knoblauchreibe-meer","status":"publish","type":"product","link":"https:\/\/lafiore.com\/de\/producto\/knoblauchreibe-meer\/","title":{"rendered":"Knoblauchreibe Meer"},"content":{"rendered":"<p>Knoblauchreibe aus Keramik Handbemalt. Voll handwerklich und mit Farben dekoriert. Einzigartiges, exklusives und hochwertiges Produkt. W\u00e4hlen Sie die Farbe, die Sie m\u00f6gen.<\/p>\n<p>Knoblauchreibe ist ein K\u00fcchenger\u00e4t, mit dem Lebensmittel sehr fein gehackt werden, und die Bedienung der Reibe ist sehr einfach: Die Lebensmittel werden wiederholt gegen die raue Oberfl\u00e4che der Reibe geschabt, und auf diese Weise wird das Produkt in feinen Bruchst\u00fccken erhalten. Dar\u00fcber hinaus verarbeitet die Reibe unter anderem Knoblauch, Ingwer, Schokolade, Erdbeeren, K\u00e4se, Muskat, Oliven, \u00c4pfel, Birnen, Karotten, Zitrone, Orange, N\u00fcsse und Tomaten.<\/p>\n<p>Geeignet f\u00fcr den menschlichen Verzehr. Sp\u00fclmaschinen- und mikrowellenfest.<\/p>\n","protected":false},"excerpt":{"rendered":"<p>Knoblauchreibe aus Keramik Handbemalt. Vollst\u00e4ndig handgefertigt und mit originellen Designs dekoriert. Einzigartiges, exklusives und hochwertiges Produkt.<\/p>\n<p>Ma\u00dfe: 12 cm x 12 cm x 2 cm<\/p>\n","protected":false},"featured_media":33846,"comment_status":"open","ping_status":"closed","template":"","meta":{"_acf_changed":false,"_links_to":"","_links_to_target":""},"collection":[],"product_brand":[],"product_cat":[860],"product_tag":[],"class_list":{"0":"post-6016","1":"product","2":"type-product","3":"status-publish","4":"has-post-thumbnail","6":"product_cat-knoblauchreibe","8":"first","9":"outofstock","10":"taxable","11":"shipping-taxable","12":"purchasable","13":"product-type-simple"},"acf":[],"_links":{"self":[{"href":"https:\/\/lafiore.com\/de\/wp-json\/wp\/v2\/product\/6016","targetHints":{"allow":["GET"]}}],"collection":[{"href":"https:\/\/lafiore.com\/de\/wp-json\/wp\/v2\/product"}],"about":[{"href":"https:\/\/lafiore.com\/de\/wp-json\/wp\/v2\/types\/product"}],"replies":[{"embeddable":true,"href":"https:\/\/lafiore.com\/de\/wp-json\/wp\/v2\/comments?post=6016"}],"wp:featuredmedia":[{"embeddable":true,"href":"https:\/\/lafiore.com\/de\/wp-json\/wp\/v2\/media\/33846"}],"wp:attachment":[{"href":"https:\/\/lafiore.com\/de\/wp-json\/wp\/v2\/media?parent=6016"}],"wp:term":[{"taxonomy":"collection","embeddable":true,"href":"https:\/\/lafiore.com\/de\/wp-json\/wp\/v2\/collection?post=6016"},{"taxonomy":"product_brand","embeddable":true,"href":"https:\/\/lafiore.com\/de\/wp-json\/wp\/v2\/product_brand?post=6016"},{"taxonomy":"product_cat","embeddable":true,"href":"https:\/\/lafiore.com\/de\/wp-json\/wp\/v2\/product_cat?post=6016"},{"taxonomy":"product_tag","embeddable":true,"href":"https:\/\/lafiore.com\/de\/wp-json\/wp\/v2\/product_tag?post=6016"}],"curies":[{"name":"wp","href":"https:\/\/api.w.org\/{rel}","templated":true}]}}