{"id":9176,"date":"2020-11-14T12:19:09","date_gmt":"2020-11-14T10:19:09","guid":{"rendered":"https:\/\/lafiore.com\/?post_type=product&#038;p=9176"},"modified":"2021-01-03T19:52:41","modified_gmt":"2021-01-03T18:52:41","slug":"albufera-rm-lampe","status":"publish","type":"product","link":"https:\/\/lafiore.com\/de\/producto\/albufera-rm-lampe\/","title":{"rendered":"Albufera RM Lampe"},"content":{"rendered":"<p>Lampe mit Schattenma\u00df: H44,6 | \u00f822 cm. <\/p>\n<p>Schattenma\u00dfe: H26,5 | \u00f822 cm. <\/p>\n<p>Die H\u00f6he reicht vom Sockel der Lampe bis zum Abschluss und die Breite bis zur breitesten Stelle, einschlie\u00dflich des Schirms. <\/p>\n<p>Bei allen unseren Glaslampen kommt das Kabel am Boden der Lampe heraus. <\/p>\n<p>Handgefertigter Leinenschirm inklusive. <\/p>\n<p>Typologie: Tischleuchten <\/p>\n<p>Materialien: Messingstruktur und Glasboden. <\/p>\n<p>Oberfl\u00e4chen: Erh\u00e4ltlich in geb\u00fcrstetem Messing. <\/p>\n<p>Buchse: 27 <\/p>\n<p>Leistung: Max 60 W. <\/p>\n<p>Spannung: 220\/240 V. <\/p>\n<p>Mitgelieferte Gl\u00fchlampe: E27 7W LED enthalten <\/p>\n<p>Verbindungskabel: EU-Stecker, UK-Stecker oder US-Stecker <\/p>\n<p>Sammlung: 2020 <\/p>\n<p>Vorlaufzeit: 4\/6 Wochen <\/p>\n<p>Herkunft: Handgefertigt auf Mallorca, Spanien <\/p>\n<p>Produktdesign: Nico Guevara &#038; Niels Datema<\/p>\n","protected":false},"excerpt":{"rendered":"<p>Die Albufera Lampe hebt die Farben der Natur der Albufera de Mallorca bei Sonnenuntergang hervor. <\/p>\n<p>Geblasene Glaslampe mit handgefertigtem Leinenlampenschirm.<\/p>\n","protected":false},"featured_media":8776,"comment_status":"open","ping_status":"closed","template":"","meta":{"_acf_changed":false,"_links_to":"","_links_to_target":""},"collection":[1358],"product_brand":[],"product_cat":[639,633,1441],"product_tag":[],"class_list":{"0":"post-9176","1":"product","2":"type-product","3":"status-publish","4":"has-post-thumbnail","6":"collection-einzigartiges-glas","7":"product_cat-beleuchtung","8":"product_cat-besondere-auswahl","9":"product_cat-schreibtischlampe","10":"pa_cuida-tu-vidrio-glaspflege","11":"pa_piezas-unicas-einzigartig-stuck","13":"first","14":"instock","15":"taxable","16":"shipping-taxable","17":"purchasable","18":"product-type-simple"},"acf":[],"_links":{"self":[{"href":"https:\/\/lafiore.com\/de\/wp-json\/wp\/v2\/product\/9176","targetHints":{"allow":["GET"]}}],"collection":[{"href":"https:\/\/lafiore.com\/de\/wp-json\/wp\/v2\/product"}],"about":[{"href":"https:\/\/lafiore.com\/de\/wp-json\/wp\/v2\/types\/product"}],"replies":[{"embeddable":true,"href":"https:\/\/lafiore.com\/de\/wp-json\/wp\/v2\/comments?post=9176"}],"wp:featuredmedia":[{"embeddable":true,"href":"https:\/\/lafiore.com\/de\/wp-json\/wp\/v2\/media\/8776"}],"wp:attachment":[{"href":"https:\/\/lafiore.com\/de\/wp-json\/wp\/v2\/media?parent=9176"}],"wp:term":[{"taxonomy":"collection","embeddable":true,"href":"https:\/\/lafiore.com\/de\/wp-json\/wp\/v2\/collection?post=9176"},{"taxonomy":"product_brand","embeddable":true,"href":"https:\/\/lafiore.com\/de\/wp-json\/wp\/v2\/product_brand?post=9176"},{"taxonomy":"product_cat","embeddable":true,"href":"https:\/\/lafiore.com\/de\/wp-json\/wp\/v2\/product_cat?post=9176"},{"taxonomy":"product_tag","embeddable":true,"href":"https:\/\/lafiore.com\/de\/wp-json\/wp\/v2\/product_tag?post=9176"}],"curies":[{"name":"wp","href":"https:\/\/api.w.org\/{rel}","templated":true}]}}