{"id":9213,"date":"2020-11-11T10:30:47","date_gmt":"2020-11-11T09:30:47","guid":{"rendered":"https:\/\/lafiore.com\/?post_type=product&#038;p=9213"},"modified":"2021-01-04T19:03:08","modified_gmt":"2021-01-04T18:03:08","slug":"confetti-s-lampe","status":"publish","type":"product","link":"https:\/\/lafiore.com\/de\/producto\/confetti-s-lampe\/","title":{"rendered":"Confetti S Lampe"},"content":{"rendered":"<p>Lampe mit Schattenma\u00df: H 47,5 | \u00f822 cm.<\/p>\n<p>Schattenma\u00dfe: H 26,5 | \u00f822 cm.<\/p>\n<p>Die H\u00f6he reicht vom Sockel der Lampe bis zum Abschluss und die Breite bis zur breitesten Stelle, einschlie\u00dflich des Schirms.<\/p>\n<p>Bei allen unseren Glaslampen kommt das Kabel am Boden der Lampe heraus.<\/p>\n<p>Handgefertigter Leinenschirm inklusive.<\/p>\n<p>Typologie: Tischleuchten<\/p>\n<p>Materialien: Messingstruktur und Glasboden.<\/p>\n<p>Oberfl\u00e4chen: Erh\u00e4ltlich in geb\u00fcrstetem Messing.<\/p>\n<p>Buchse: 27<\/p>\n<p>Leistung: Max 60 W.<\/p>\n<p>Spannung: 220\/240 V.<\/p>\n<p>Mitgelieferte Gl\u00fchlampe: E27 7W LED enthalten<\/p>\n<p>Verbindungskabel: EU-Stecker, UK-Stecker oder US-Stecker<\/p>\n<p>Sammlung: 2020<\/p>\n<p>Vorlaufzeit: 4\/6 Wochen<\/p>\n<p>Herkunft: Handgefertigt auf Mallorca, Spanien<\/p>\n<p>Produktdesign: Nico Guevara &#038; Niels Datema<\/p>\n","protected":false},"excerpt":{"rendered":"<p>Die Konfetti-Lampe ist inspiriert von den Polychromen der Natur, einem einfachen und eleganten St\u00fcck f\u00fcr Beleuchtung und Dekoration.<\/p>\n<p>Geblasene Glaslampe mit handgefertigtem Leinenlampenschirm.<\/p>\n","protected":false},"featured_media":8712,"comment_status":"open","ping_status":"closed","template":"","meta":{"_acf_changed":false,"_links_to":"","_links_to_target":""},"collection":[1375],"product_brand":[],"product_cat":[639,633,1441],"product_tag":[],"class_list":{"0":"post-9213","1":"product","2":"type-product","3":"status-publish","4":"has-post-thumbnail","6":"collection-confetti-de","7":"product_cat-beleuchtung","8":"product_cat-besondere-auswahl","9":"product_cat-schreibtischlampe","10":"pa_cuida-tu-vidrio-glaspflege","11":"pa_piezas-unicas-einzigartig-stuck","13":"first","14":"instock","15":"taxable","16":"shipping-taxable","17":"purchasable","18":"product-type-simple"},"acf":[],"_links":{"self":[{"href":"https:\/\/lafiore.com\/de\/wp-json\/wp\/v2\/product\/9213","targetHints":{"allow":["GET"]}}],"collection":[{"href":"https:\/\/lafiore.com\/de\/wp-json\/wp\/v2\/product"}],"about":[{"href":"https:\/\/lafiore.com\/de\/wp-json\/wp\/v2\/types\/product"}],"replies":[{"embeddable":true,"href":"https:\/\/lafiore.com\/de\/wp-json\/wp\/v2\/comments?post=9213"}],"wp:featuredmedia":[{"embeddable":true,"href":"https:\/\/lafiore.com\/de\/wp-json\/wp\/v2\/media\/8712"}],"wp:attachment":[{"href":"https:\/\/lafiore.com\/de\/wp-json\/wp\/v2\/media?parent=9213"}],"wp:term":[{"taxonomy":"collection","embeddable":true,"href":"https:\/\/lafiore.com\/de\/wp-json\/wp\/v2\/collection?post=9213"},{"taxonomy":"product_brand","embeddable":true,"href":"https:\/\/lafiore.com\/de\/wp-json\/wp\/v2\/product_brand?post=9213"},{"taxonomy":"product_cat","embeddable":true,"href":"https:\/\/lafiore.com\/de\/wp-json\/wp\/v2\/product_cat?post=9213"},{"taxonomy":"product_tag","embeddable":true,"href":"https:\/\/lafiore.com\/de\/wp-json\/wp\/v2\/product_tag?post=9213"}],"curies":[{"name":"wp","href":"https:\/\/api.w.org\/{rel}","templated":true}]}}